{"id":8472,"date":"2023-01-07T17:16:01","date_gmt":"2023-01-07T15:16:01","guid":{"rendered":"https:\/\/er-tek.com\/blog\/"},"modified":"2024-01-14T15:49:08","modified_gmt":"2024-01-14T13:49:08","slug":"blog","status":"publish","type":"page","link":"https:\/\/er-tek.com\/en\/blog\/","title":{"rendered":"Blog"},"content":{"rendered":"\t\t<div data-elementor-type=\"wp-page\" data-elementor-id=\"8472\" class=\"elementor elementor-8472 elementor-5971\" data-elementor-post-type=\"page\">\n\t\t\t\t\t\t<section class=\"elementor-section elementor-top-section elementor-element elementor-element-6be474cd elementor-section-boxed elementor-section-height-default elementor-section-height-default\" data-id=\"6be474cd\" data-element_type=\"section\">\n\t\t\t\t\t\t<div class=\"elementor-container elementor-column-gap-default\">\n\t\t\t\t\t<div class=\"elementor-column elementor-col-100 elementor-top-column elementor-element elementor-element-68df1a3b\" data-id=\"68df1a3b\" data-element_type=\"column\">\n\t\t\t<div class=\"elementor-widget-wrap elementor-element-populated\">\n\t\t\t\t\t\t<div class=\"elementor-element elementor-element-341c16d7 elementor-widget elementor-widget-energium_blog_listing\" data-id=\"341c16d7\" data-element_type=\"widget\" data-widget_type=\"energium_blog_listing.default\">\n\t\t\t\t<div class=\"elementor-widget-container\">\n\t\t\t\n        <div class=\"archive-listing\" data-ajax='{&quot;post_type&quot;:&quot;post&quot;,&quot;posts_per_page&quot;:9,&quot;orderby&quot;:&quot;date&quot;,&quot;order&quot;:&quot;desc&quot;,&quot;paged&quot;:1,&quot;category_name&quot;:&quot;&quot;,&quot;tag&quot;:&quot;&quot;,&quot;post__in&quot;:&quot;&quot;,&quot;ignore_sticky_posts&quot;:false,&quot;link_base&quot;:&quot;https:\\\/\\\/er-tek.com\\\/en\\\/wp-json\\\/wp\\\/v2\\\/pages\\\/8472\\\/&quot;}' data-widget='{&quot;excerpt_length&quot;:81,&quot;show_cat&quot;:&quot;yes&quot;,&quot;show_media&quot;:&quot;yes&quot;,&quot;show_author&quot;:&quot;&quot;,&quot;show_date&quot;:&quot;yes&quot;,&quot;show_title&quot;:&quot;yes&quot;,&quot;show_tags&quot;:&quot;no&quot;,&quot;show_excerpt&quot;:&quot;yes&quot;,&quot;show_read_more&quot;:&quot;yes&quot;,&quot;read_more_text&quot;:&quot;Read More&quot;,&quot;item_class&quot;:&quot;post grid-item grid-blog-item-wrapper&quot;,&quot;columns_number&quot;:3}'>\n            <div class=\"archive-listing-wrapper grid-listing columns-3\">\n                \r\n<div class=\"standard-blog-item-wrapper post grid-item grid-blog-item-wrapper post-8481 type-post status-publish format-standard has-post-thumbnail hentry category-automation\">\r\n    <div class=\"blog-item item-with-date\">\r\n        <div class=\"post-media-wrapper\"><a href=\"https:\/\/er-tek.com\/en\/data-center-facility-testing-and-commissioning-process\/8481\/\"><picture><source media=\"(max-width: 575px)\" sizes=\"(max-width: 535px) 535px\" srcset=\"https:\/\/er-tek.com\/file\/2023\/01\/haber-verimerkezi-535x400.jpg 535w\"><source media=\"(max-width: 991px)\" sizes=\"(max-width: 951px) 951px\" srcset=\"https:\/\/er-tek.com\/file\/2023\/01\/haber-verimerkezi-440x398.jpg 951w\"><img decoding=\"async\" alt=\"haber-verimerkezi\" title=\"haber-verimerkezi\" src=\"https:\/\/er-tek.com\/file\/2023\/01\/haber-verimerkezi-600x543.jpg\" class=\"attachment-energium_post_grid_3_columns size-energium_post_grid_3_columns wp-post-image\" \/><\/picture><\/a><\/div><div class=\"post-labels\"><div class=\"post-categories\"><a class=\"post-category-item\" href=\"https:\/\/er-tek.com\/en\/kategori\/automation\/\">Automation<\/a><\/div><\/div><div class=\"post-meta-header\"><div class=\"post-meta-item post-meta-item-date\"><a href=\"https:\/\/er-tek.com\/en\/date\/2023\/01\/28\/\">28 January 2023<\/a><\/div><\/div><h4 class=\"post-title\"><a href=\"https:\/\/er-tek.com\/en\/data-center-facility-testing-and-commissioning-process\/8481\/\">Data Center Facility Testing and Commissioning Process<\/a><\/h4><div class=\"post-content\">Since 1982, ASHRAE (American Society of Heating, Refrigerating and Air-Conditioni<\/div><div class=\"post-more-button\"><a href=\"https:\/\/er-tek.com\/en\/data-center-facility-testing-and-commissioning-process\/8481\/\"><span>Read More<\/span><svg viewBox=\"0 0 13 20\"><polyline points=\"0.5 19.5 3 19.5 12.5 10 3 0.5\" \/><\/svg><\/a><\/div>    <\/div>\r\n<\/div>\r\n<div class=\"standard-blog-item-wrapper post grid-item grid-blog-item-wrapper post-8485 type-post status-publish format-standard has-post-thumbnail hentry category-ertek-en\">\r\n    <div class=\"blog-item item-with-date\">\r\n        <div class=\"post-media-wrapper\"><a href=\"https:\/\/er-tek.com\/en\/ertek-group-30-yasinda\/8485\/\"><picture><source media=\"(max-width: 575px)\" sizes=\"(max-width: 535px) 535px\" srcset=\"https:\/\/er-tek.com\/file\/2023\/01\/ertek-30yilhaber-535x400.jpg 535w\"><source media=\"(max-width: 991px)\" sizes=\"(max-width: 951px) 951px\" srcset=\"https:\/\/er-tek.com\/file\/2023\/01\/ertek-30yilhaber-440x398.jpg 951w\"><img decoding=\"async\" alt=\"ertek-30yilhaber\" title=\"ertek-30yilhaber\" src=\"https:\/\/er-tek.com\/file\/2023\/01\/ertek-30yilhaber-600x543.jpg\" class=\"attachment-energium_post_grid_3_columns size-energium_post_grid_3_columns wp-post-image\" \/><\/picture><\/a><\/div><div class=\"post-labels\"><div class=\"post-categories\"><a class=\"post-category-item\" href=\"https:\/\/er-tek.com\/en\/kategori\/ertek-en\/\">ERTEK<\/a><\/div><\/div><div class=\"post-meta-header\"><div class=\"post-meta-item post-meta-item-date\"><a href=\"https:\/\/er-tek.com\/en\/date\/2023\/01\/28\/\">28 January 2023<\/a><\/div><\/div><h4 class=\"post-title\"><a href=\"https:\/\/er-tek.com\/en\/ertek-group-30-yasinda\/8485\/\">The Ertek Group is 30 years old!<\/a><\/h4><div class=\"post-content\">Ertek Group&#8217;s Chairman of the Board, Erg\u00fcn Emiro\u011fullar\u0131, released a mess<\/div><div class=\"post-more-button\"><a href=\"https:\/\/er-tek.com\/en\/ertek-group-30-yasinda\/8485\/\"><span>Read More<\/span><svg viewBox=\"0 0 13 20\"><polyline points=\"0.5 19.5 3 19.5 12.5 10 3 0.5\" \/><\/svg><\/a><\/div>    <\/div>\r\n<\/div>\r\n<div class=\"standard-blog-item-wrapper post grid-item grid-blog-item-wrapper post-8492 type-post status-publish format-standard has-post-thumbnail hentry category-automation\">\r\n    <div class=\"blog-item item-with-date\">\r\n        <div class=\"post-media-wrapper\"><a href=\"https:\/\/er-tek.com\/en\/data-center-facilities-unsung-heroes\/8492\/\"><picture><source media=\"(max-width: 575px)\" sizes=\"(max-width: 535px) 535px\" srcset=\"https:\/\/er-tek.com\/file\/2023\/01\/Blog-NetworkOperations-535x400.jpg 535w\"><source media=\"(max-width: 991px)\" sizes=\"(max-width: 951px) 951px\" srcset=\"https:\/\/er-tek.com\/file\/2023\/01\/Blog-NetworkOperations-440x398.jpg 951w\"><img decoding=\"async\" alt=\"Blog-NetworkOperations\" title=\"Blog-NetworkOperations\" src=\"https:\/\/er-tek.com\/file\/2023\/01\/Blog-NetworkOperations-600x543.jpg\" class=\"attachment-energium_post_grid_3_columns size-energium_post_grid_3_columns wp-post-image\" \/><\/picture><\/a><\/div><div class=\"post-labels\"><div class=\"post-categories\"><a class=\"post-category-item\" href=\"https:\/\/er-tek.com\/en\/kategori\/automation\/\">Automation<\/a><\/div><\/div><div class=\"post-meta-header\"><div class=\"post-meta-item post-meta-item-date\"><a href=\"https:\/\/er-tek.com\/en\/date\/2023\/01\/28\/\">28 January 2023<\/a><\/div><\/div><h4 class=\"post-title\"><a href=\"https:\/\/er-tek.com\/en\/data-center-facilities-unsung-heroes\/8492\/\">Data Center Facilities&#8217; Unsung Heroes<\/a><\/h4><div class=\"post-content\">As reliance on information technology grows, the significance of data center faci<\/div><div class=\"post-more-button\"><a href=\"https:\/\/er-tek.com\/en\/data-center-facilities-unsung-heroes\/8492\/\"><span>Read More<\/span><svg viewBox=\"0 0 13 20\"><polyline points=\"0.5 19.5 3 19.5 12.5 10 3 0.5\" \/><\/svg><\/a><\/div>    <\/div>\r\n<\/div>\r\n<div class=\"standard-blog-item-wrapper post grid-item grid-blog-item-wrapper post-8496 type-post status-publish format-standard has-post-thumbnail hentry category-energy\">\r\n    <div class=\"blog-item item-with-date\">\r\n        <div class=\"post-media-wrapper\"><a href=\"https:\/\/er-tek.com\/en\/turkiye-aims-to-increase-its-investments-in-solar-energy\/8496\/\"><picture><source media=\"(max-width: 575px)\" sizes=\"(max-width: 535px) 535px\" srcset=\"https:\/\/er-tek.com\/file\/2023\/01\/5-enerjisistemleri-535x400.jpg 535w\"><source media=\"(max-width: 991px)\" sizes=\"(max-width: 951px) 951px\" srcset=\"https:\/\/er-tek.com\/file\/2023\/01\/5-enerjisistemleri-440x398.jpg 951w\"><img decoding=\"async\" alt=\"5-enerjisistemleri\" title=\"5-enerjisistemleri\" src=\"https:\/\/er-tek.com\/file\/2023\/01\/5-enerjisistemleri-600x540.jpg\" class=\"attachment-energium_post_grid_3_columns size-energium_post_grid_3_columns wp-post-image\" \/><\/picture><\/a><\/div><div class=\"post-labels\"><div class=\"post-categories\"><a class=\"post-category-item\" href=\"https:\/\/er-tek.com\/en\/kategori\/energy\/\">Energy<\/a><\/div><\/div><div class=\"post-meta-header\"><div class=\"post-meta-item post-meta-item-date\"><a href=\"https:\/\/er-tek.com\/en\/date\/2023\/01\/14\/\">14 January 2023<\/a><\/div><\/div><h4 class=\"post-title\"><a href=\"https:\/\/er-tek.com\/en\/turkiye-aims-to-increase-its-investments-in-solar-energy\/8496\/\">T\u00fcrkiye aims to increase its investments in solar energy.<\/a><\/h4><div class=\"post-content\">With an average daily sunlight duration of 7.5 hours, the country is targeting th<\/div><div class=\"post-more-button\"><a href=\"https:\/\/er-tek.com\/en\/turkiye-aims-to-increase-its-investments-in-solar-energy\/8496\/\"><span>Read More<\/span><svg viewBox=\"0 0 13 20\"><polyline points=\"0.5 19.5 3 19.5 12.5 10 3 0.5\" \/><\/svg><\/a><\/div>    <\/div>\r\n<\/div>\r\n<div class=\"standard-blog-item-wrapper post grid-item grid-blog-item-wrapper post-8500 type-post status-publish format-standard has-post-thumbnail hentry category-automation\">\r\n    <div class=\"blog-item item-with-date\">\r\n        <div class=\"post-media-wrapper\"><a href=\"https:\/\/er-tek.com\/en\/the-physical-infrastructure-of-a-data-center-is-akin-to-a-specialized-hardware-hotel\/8500\/\"><picture><source media=\"(max-width: 575px)\" sizes=\"(max-width: 535px) 535px\" srcset=\"https:\/\/er-tek.com\/file\/2023\/01\/otomatica-hakkinda-535x400.jpg 535w\"><source media=\"(max-width: 991px)\" sizes=\"(max-width: 951px) 951px\" srcset=\"https:\/\/er-tek.com\/file\/2023\/01\/otomatica-hakkinda-440x398.jpg 951w\"><img decoding=\"async\" alt=\"otomatica-hakkinda\" title=\"otomatica-hakkinda\" src=\"https:\/\/er-tek.com\/file\/2023\/01\/otomatica-hakkinda-600x543.jpg\" class=\"attachment-energium_post_grid_3_columns size-energium_post_grid_3_columns wp-post-image\" \/><\/picture><\/a><\/div><div class=\"post-labels\"><div class=\"post-categories\"><a class=\"post-category-item\" href=\"https:\/\/er-tek.com\/en\/kategori\/automation\/\">Automation<\/a><\/div><\/div><div class=\"post-meta-header\"><div class=\"post-meta-item post-meta-item-date\"><a href=\"https:\/\/er-tek.com\/en\/date\/2023\/01\/10\/\">10 January 2023<\/a><\/div><\/div><h4 class=\"post-title\"><a href=\"https:\/\/er-tek.com\/en\/the-physical-infrastructure-of-a-data-center-is-akin-to-a-specialized-hardware-hotel\/8500\/\">The Physical Infrastructure of a Data Center is akin to a specialized hardware hotel!<\/a><\/h4><div class=\"post-content\">The Data Center Service can be defined as the business intelligence value chain w<\/div><div class=\"post-more-button\"><a href=\"https:\/\/er-tek.com\/en\/the-physical-infrastructure-of-a-data-center-is-akin-to-a-specialized-hardware-hotel\/8500\/\"><span>Read More<\/span><svg viewBox=\"0 0 13 20\"><polyline points=\"0.5 19.5 3 19.5 12.5 10 3 0.5\" \/><\/svg><\/a><\/div>    <\/div>\r\n<\/div>            <\/div>\n\n            <div class=\"content-pagination\"><nav class=\"pagination\"><div class=\"nav-links\"><\/div><\/nav><\/div>        <\/div>\n        \t\t<\/div>\n\t\t\t\t<\/div>\n\t\t\t\t\t<\/div>\n\t\t<\/div>\n\t\t\t\t\t<\/div>\n\t\t<\/section>\n\t\t\t\t<section class=\"elementor-section elementor-top-section elementor-element elementor-element-3781e781 elementor-section-stretched elementor-section-boxed elementor-section-height-default elementor-section-height-default\" data-id=\"3781e781\" data-element_type=\"section\" data-settings=\"{&quot;stretch_section&quot;:&quot;section-stretched&quot;}\">\n\t\t\t\t\t\t<div class=\"elementor-container elementor-column-gap-no\">\n\t\t\t\t\t<div class=\"elementor-column elementor-col-100 elementor-top-column elementor-element elementor-element-5ac39c8\" data-id=\"5ac39c8\" data-element_type=\"column\">\n\t\t\t<div class=\"elementor-widget-wrap elementor-element-populated\">\n\t\t\t\t\t\t<section class=\"elementor-section elementor-inner-section elementor-element elementor-element-7a5efd14 elementor-section-height-min-height elementor-section-content-middle elementor-section-boxed elementor-section-height-default\" data-id=\"7a5efd14\" data-element_type=\"section\" data-settings=\"{&quot;background_background&quot;:&quot;classic&quot;}\">\n\t\t\t\t\t\t<div class=\"elementor-container elementor-column-gap-extended\">\n\t\t\t\t\t<div class=\"elementor-column elementor-col-50 elementor-inner-column elementor-element elementor-element-8cbe658\" data-id=\"8cbe658\" data-element_type=\"column\">\n\t\t\t<div class=\"elementor-widget-wrap elementor-element-populated\">\n\t\t\t\t\t\t<div class=\"elementor-element elementor-element-355c6c29 elementor-widget elementor-widget-energium_heading\" data-id=\"355c6c29\" data-element_type=\"widget\" data-widget_type=\"energium_heading.default\">\n\t\t\t\t<div class=\"elementor-widget-container\">\n\t\t\t<div class=\"energium-heading-widget\"><h2 class=\"energium-heading\"><span class=\"energium-heading-content\"><span>Let your projects come true with us...<\/span><\/span><\/h2><\/div>\t\t<\/div>\n\t\t\t\t<\/div>\n\t\t\t\t\t<\/div>\n\t\t<\/div>\n\t\t\t\t<div class=\"elementor-column elementor-col-50 elementor-inner-column elementor-element elementor-element-7cfb3de7\" data-id=\"7cfb3de7\" data-element_type=\"column\">\n\t\t\t<div class=\"elementor-widget-wrap elementor-element-populated\">\n\t\t\t\t\t\t<div class=\"elementor-element elementor-element-67bec15b elementor-view-stacked pulse-animation-yes elementor-shape-circle elementor-widget elementor-widget-icon\" data-id=\"67bec15b\" data-element_type=\"widget\" data-widget_type=\"icon.default\">\n\t\t\t\t<div class=\"elementor-widget-container\">\n\t\t\t\t\t<div class=\"elementor-icon-wrapper\">\n\t\t\t<a class=\"elementor-icon\" href=\"tel:+903924448585\">\n\t\t\t<i aria-hidden=\"true\" class=\"fontello icon-calling\"><\/i>\t\t\t<\/a>\n\t\t<\/div>\n\t\t\t\t<\/div>\n\t\t\t\t<\/div>\n\t\t\t\t<div class=\"elementor-element elementor-element-306e2cba elementor-widget elementor-widget-energium_heading\" data-id=\"306e2cba\" data-element_type=\"widget\" data-widget_type=\"energium_heading.default\">\n\t\t\t\t<div class=\"elementor-widget-container\">\n\t\t\t<div class=\"energium-heading-widget\"><h2 class=\"energium-heading\"><span class=\"energium-heading-content\">+90 392 444 85 85<\/span><\/h2><\/div>\t\t<\/div>\n\t\t\t\t<\/div>\n\t\t\t\t\t<\/div>\n\t\t<\/div>\n\t\t\t\t\t<\/div>\n\t\t<\/section>\n\t\t\t\t\t<\/div>\n\t\t<\/div>\n\t\t\t\t\t<\/div>\n\t\t<\/section>\n\t\t\t\t<\/div>\n\t\t","protected":false},"excerpt":{"rendered":"","protected":false},"author":1,"featured_media":0,"parent":0,"menu_order":0,"comment_status":"closed","ping_status":"closed","template":"elementor_header_footer","meta":{"footnotes":""},"class_list":["post-8472","page","type-page","status-publish","hentry"],"_links":{"self":[{"href":"https:\/\/er-tek.com\/en\/wp-json\/wp\/v2\/pages\/8472","targetHints":{"allow":["GET"]}}],"collection":[{"href":"https:\/\/er-tek.com\/en\/wp-json\/wp\/v2\/pages"}],"about":[{"href":"https:\/\/er-tek.com\/en\/wp-json\/wp\/v2\/types\/page"}],"author":[{"embeddable":true,"href":"https:\/\/er-tek.com\/en\/wp-json\/wp\/v2\/users\/1"}],"replies":[{"embeddable":true,"href":"https:\/\/er-tek.com\/en\/wp-json\/wp\/v2\/comments?post=8472"}],"version-history":[{"count":0,"href":"https:\/\/er-tek.com\/en\/wp-json\/wp\/v2\/pages\/8472\/revisions"}],"wp:attachment":[{"href":"https:\/\/er-tek.com\/en\/wp-json\/wp\/v2\/media?parent=8472"}],"curies":[{"name":"wp","href":"https:\/\/api.w.org\/{rel}","templated":true}]}}