{"id":8429,"date":"2023-01-07T13:01:22","date_gmt":"2023-01-07T11:01:22","guid":{"rendered":"https:\/\/er-tek.com\/keystone-construction-ltd\/"},"modified":"2024-01-14T15:39:55","modified_gmt":"2024-01-14T13:39:55","slug":"keystone-construction","status":"publish","type":"page","link":"https:\/\/er-tek.com\/en\/keystone-construction\/","title":{"rendered":"Keystone Construction"},"content":{"rendered":"\t\t<div data-elementor-type=\"wp-page\" data-elementor-id=\"8429\" class=\"elementor elementor-8429 elementor-5772\" data-elementor-post-type=\"page\">\n\t\t\t\t\t\t<section class=\"elementor-section elementor-top-section elementor-element elementor-element-6139da30 elementor-section-boxed elementor-section-height-default elementor-section-height-default\" data-id=\"6139da30\" data-element_type=\"section\">\n\t\t\t\t\t\t<div class=\"elementor-container elementor-column-gap-default\">\n\t\t\t\t\t<div class=\"elementor-column elementor-col-50 elementor-top-column elementor-element elementor-element-3ad60d4c\" data-id=\"3ad60d4c\" data-element_type=\"column\">\n\t\t\t<div class=\"elementor-widget-wrap elementor-element-populated\">\n\t\t\t\t\t\t<div class=\"elementor-element elementor-element-4cedbb1b type-2 elementor-absolute elementor-hidden-mobile_extra elementor-invisible elementor-widget elementor-widget-energium_decoration\" data-id=\"4cedbb1b\" data-element_type=\"widget\" data-settings=\"{&quot;_position&quot;:&quot;absolute&quot;,&quot;_animation&quot;:&quot;energium_decoration&quot;}\" data-widget_type=\"energium_decoration.default\">\n\t\t\t\t<div class=\"elementor-widget-container\">\n\t\t\t<div class=\"decoration\"><div class=\"decoration-inner-1\"><div class=\"decoration-inner-2\"><div class=\"decoration-inner-3\"><\/div><\/div><\/div><\/div>\t\t<\/div>\n\t\t\t\t<\/div>\n\t\t\t\t<div class=\"elementor-element elementor-element-37d08621 elementor-hidden-mobile elementor-widget elementor-widget-image\" data-id=\"37d08621\" data-element_type=\"widget\" data-widget_type=\"image.default\">\n\t\t\t\t<div class=\"elementor-widget-container\">\n\t\t\t\t\t\t\t\t\t\t\t\t\t<img fetchpriority=\"high\" decoding=\"async\" width=\"499\" height=\"589\" src=\"https:\/\/er-tek.com\/file\/2023\/01\/keystone-construction.png\" class=\"attachment-full size-full wp-image-5781\" alt=\"\" srcset=\"https:\/\/er-tek.com\/file\/2023\/01\/keystone-construction.png 499w, https:\/\/er-tek.com\/file\/2023\/01\/keystone-construction-254x300.png 254w\" sizes=\"(max-width: 499px) 100vw, 499px\" \/>\t\t\t\t\t\t\t\t\t\t\t\t\t<\/div>\n\t\t\t\t<\/div>\n\t\t\t\t\t<\/div>\n\t\t<\/div>\n\t\t\t\t<div class=\"elementor-column elementor-col-50 elementor-top-column elementor-element elementor-element-425af63f\" data-id=\"425af63f\" data-element_type=\"column\">\n\t\t\t<div class=\"elementor-widget-wrap elementor-element-populated\">\n\t\t\t\t\t\t<div class=\"elementor-element elementor-element-a4d179a elementor-widget elementor-widget-image\" data-id=\"a4d179a\" data-element_type=\"widget\" data-widget_type=\"image.default\">\n\t\t\t\t<div class=\"elementor-widget-container\">\n\t\t\t\t\t\t\t\t\t\t\t\t\t<img decoding=\"async\" width=\"1024\" height=\"365\" src=\"https:\/\/er-tek.com\/file\/2022\/12\/keystone-Logo-1024x365.png\" class=\"attachment-large size-large wp-image-5442\" alt=\"\" srcset=\"https:\/\/er-tek.com\/file\/2022\/12\/keystone-Logo-1024x365.png 1024w, https:\/\/er-tek.com\/file\/2022\/12\/keystone-Logo-300x107.png 300w, https:\/\/er-tek.com\/file\/2022\/12\/keystone-Logo-768x274.png 768w, https:\/\/er-tek.com\/file\/2022\/12\/keystone-Logo.png 1485w\" sizes=\"(max-width: 1024px) 100vw, 1024px\" \/>\t\t\t\t\t\t\t\t\t\t\t\t\t<\/div>\n\t\t\t\t<\/div>\n\t\t\t\t<div class=\"elementor-element elementor-element-2a9ad4f4 elementor-widget elementor-widget-text-editor\" data-id=\"2a9ad4f4\" data-element_type=\"widget\" data-widget_type=\"text-editor.default\">\n\t\t\t\t<div class=\"elementor-widget-container\">\n\t\t\t\t\t\t\t<p>KEYSTONE Construction Ltd., established in 2004 and providing services in the construction sector until 2012, became a part of the ERTEK GROUP. Following this integration, we strengthened our administrative and technical staff as well as our vehicle fleet. With the reorganization, we obtained a Class 1 Contractor Certificate and now offer our services.<\/p><p>In a short period, Keystone Construction Ltd. increased its structural and operational capacity, earning the Class 1 certificate from the Cyprus Turkish Contractors Association (KT\u0130MB). The company has specialized teams in the construction and revision projects of public service buildings, bank buildings, business centers, and mass housing projects.<\/p>\t\t\t\t\t\t<\/div>\n\t\t\t\t<\/div>\n\t\t\t\t\t<\/div>\n\t\t<\/div>\n\t\t\t\t\t<\/div>\n\t\t<\/section>\n\t\t\t\t<section class=\"elementor-section elementor-top-section elementor-element elementor-element-d6caf3f elementor-section-boxed elementor-section-height-default elementor-section-height-default\" data-id=\"d6caf3f\" data-element_type=\"section\">\n\t\t\t\t\t\t<div class=\"elementor-container elementor-column-gap-default\">\n\t\t\t\t\t<div class=\"elementor-column elementor-col-100 elementor-top-column elementor-element elementor-element-42f1c98\" data-id=\"42f1c98\" data-element_type=\"column\">\n\t\t\t<div class=\"elementor-widget-wrap elementor-element-populated\">\n\t\t\t\t\t\t<div class=\"elementor-element elementor-element-8873df0 elementor-widget elementor-widget-text-editor\" data-id=\"8873df0\" data-element_type=\"widget\" data-widget_type=\"text-editor.default\">\n\t\t\t\t<div class=\"elementor-widget-container\">\n\t\t\t\t\t\t\t<p>In the infrastructure and construction projects of ERTEK Group, such as villas, mass housing, workplaces, and other developments, Keystone Construction Ltd. continues its activities while adhering to the essential standards of occupational safety and quality.<\/p><p>Similar to the commitment in the electrical sector, we maintain our diligence in delivering projects in the Construction Sector with engineering and technological innovations.<\/p>\t\t\t\t\t\t<\/div>\n\t\t\t\t<\/div>\n\t\t\t\t\t<\/div>\n\t\t<\/div>\n\t\t\t\t\t<\/div>\n\t\t<\/section>\n\t\t\t\t<section class=\"elementor-section elementor-top-section elementor-element elementor-element-9852081 elementor-section-boxed elementor-section-height-default elementor-section-height-default\" data-id=\"9852081\" data-element_type=\"section\">\n\t\t\t\t\t\t<div class=\"elementor-container elementor-column-gap-default\">\n\t\t\t\t\t<div class=\"elementor-column elementor-col-100 elementor-top-column elementor-element elementor-element-09bd02e\" data-id=\"09bd02e\" data-element_type=\"column\">\n\t\t\t<div class=\"elementor-widget-wrap elementor-element-populated\">\n\t\t\t\t\t\t<div class=\"elementor-element elementor-element-5fd9959 elementor-widget elementor-widget-heading\" data-id=\"5fd9959\" data-element_type=\"widget\" data-widget_type=\"heading.default\">\n\t\t\t\t<div class=\"elementor-widget-container\">\n\t\t\t<h2 class=\"elementor-heading-title elementor-size-default\">Some of Our Reference Projects<\/h2>\t\t<\/div>\n\t\t\t\t<\/div>\n\t\t\t\t\t<\/div>\n\t\t<\/div>\n\t\t\t\t\t<\/div>\n\t\t<\/section>\n\t\t\t\t<section class=\"elementor-section elementor-top-section elementor-element elementor-element-c1887ca elementor-section-boxed elementor-section-height-default elementor-section-height-default\" data-id=\"c1887ca\" data-element_type=\"section\">\n\t\t\t\t\t\t<div class=\"elementor-container elementor-column-gap-default\">\n\t\t\t\t\t<div class=\"elementor-column elementor-col-100 elementor-top-column elementor-element elementor-element-e358f9d\" data-id=\"e358f9d\" data-element_type=\"column\">\n\t\t\t<div class=\"elementor-widget-wrap elementor-element-populated\">\n\t\t\t\t\t\t<div class=\"elementor-element elementor-element-ba0a579 elementor-widget elementor-widget-text-editor\" data-id=\"ba0a579\" data-element_type=\"widget\" data-widget_type=\"text-editor.default\">\n\t\t\t\t<div class=\"elementor-widget-container\">\n\t\t\t\t\t\t\t<table width=\"1142\"><tbody><tr><td width=\"24\">1<\/td><td width=\"418\">HSBC Bank Kyrenia Office<\/td><td width=\"197\">Keystone Construction<\/td><td width=\"186\">Kyrenia<\/td><td width=\"317\">All Construction and furniture works<\/td><\/tr><tr><td>2<\/td><td width=\"418\">HSBC Bank\u00a0 Nicosia Office<\/td><td width=\"197\">Keystone Construction<\/td><td width=\"186\">Surlarici\/ Nicosia<\/td><td width=\"317\">All Construction and furniture works<\/td><\/tr><tr><td>3<\/td><td width=\"418\">HSBC Bank Nicosia Office\u00a0 1<\/td><td width=\"197\">Keystone Construction<\/td><td width=\"186\">K.Kaymakl\u0131\/Nicosia<\/td><td width=\"317\">All Construction and furniture works<\/td><\/tr><tr><td>4<\/td><td width=\"418\">HSBC Bank Nicosia Office\u00a0 2<\/td><td width=\"197\">Keystone Construction<\/td><td width=\"186\">Ortakoy\/Nicosia<\/td><td width=\"317\">All Construction and furniture works<\/td><\/tr><tr><td>5<\/td><td width=\"418\">HSBC Bank Famagusta Office<\/td><td width=\"197\">Keystone Construction<\/td><td width=\"186\">Famagusta<\/td><td width=\"317\">All Construction and furniture works<\/td><\/tr><tr><td>6<\/td><td width=\"418\">HSBC Bankas\u0131 Operastion Center -1<\/td><td width=\"197\">Keystone Construction<\/td><td width=\"186\">Surlarici\/ Nicosia<\/td><td width=\"317\">All Construction and furniture works<\/td><\/tr><tr><td>7<\/td><td width=\"418\">HSBC Bankas\u0131 Operastion Center-2<\/td><td width=\"197\">Keystone Construction<\/td><td width=\"186\">K.Kaymakl\u0131\/Nicosia<\/td><td width=\"317\">All Construction and furniture works<\/td><\/tr><tr><td>8<\/td><td width=\"418\">HSBC Bankas\u0131 Gonyeli Office<\/td><td width=\"197\">Keystone Construction<\/td><td width=\"186\">Gonyeli\/ Nicosia<\/td><td width=\"317\">All Construction and furniture works<\/td><\/tr><tr><td>9<\/td><td width=\"418\">Oyakbankas\u0131 Kyrenia Office<\/td><td width=\"197\">Keystone Construction<\/td><td width=\"186\">Kyrenia<\/td><td width=\"317\">All Construction and furniture works<\/td><\/tr><tr><td>10<\/td><td width=\"418\">Oyakbankas\u0131 Morphou Office<\/td><td width=\"197\">Keystone Construction<\/td><td width=\"186\">Morphou<\/td><td width=\"317\">All Construction and furniture works<\/td><\/tr><tr><td>11<\/td><td width=\"418\">\u0130s Bank\u00a0 Kyrenia Office<\/td><td width=\"197\">Keystone Construction<\/td><td width=\"186\">Kyrenia<\/td><td width=\"317\">All Construction and furniture works<\/td><\/tr><tr><td>12<\/td><td width=\"418\">\u0130s Bank\u00a0 Office<\/td><td width=\"197\">Keystone Construction<\/td><td width=\"186\">Dumlup\u0131nar\/Famagusta<\/td><td width=\"317\">All Construction and furniture works<\/td><\/tr><tr><td>13<\/td><td width=\"418\">\u0130s Bank Kucuk Kaymakl\u0131 Office<\/td><td width=\"197\">Keystone Construction<\/td><td width=\"186\">K.Kaymakl\u0131\/Nicosia<\/td><td width=\"317\">All Construction and furniture works<\/td><\/tr><tr><td>14<\/td><td width=\"418\">\u0130s Bank\u00a0 Head Office Building<\/td><td width=\"197\">Keystone Construction<\/td><td width=\"186\">Nicosia<\/td><td width=\"317\">All Construction and furniture works<\/td><\/tr><tr><td>15<\/td><td width=\"418\">Sekerbank Nicosia Office<\/td><td width=\"197\">Keystone Construction<\/td><td width=\"186\">Nicosia<\/td><td width=\"317\">All Construction and furniture works<\/td><\/tr><tr><td>16<\/td><td width=\"418\">Sekerbank Nicosia Office<\/td><td width=\"197\">Keystone Construction<\/td><td width=\"186\">Kyrenia<\/td><td width=\"317\">All Construction and furniture works<\/td><\/tr><tr><td>17<\/td><td width=\"418\">Sekerbank Akdogan Office<\/td><td width=\"197\">Keystone Construction<\/td><td width=\"186\">Akdogan\/ Famagusta<\/td><td width=\"317\">All Construction and furniture works<\/td><\/tr><tr><td>18<\/td><td width=\"418\">Creditwest Kucukkaymakl\u0131 Office<\/td><td width=\"197\">Keystone Construction<\/td><td width=\"186\">K.Kaymakl\u0131\/Nicosia<\/td><td width=\"317\">All Construction and furniture works<\/td><\/tr><tr><td>19<\/td><td width=\"418\">Creditwest Catalkoy Office<\/td><td width=\"197\">Keystone Construction<\/td><td width=\"186\">Catalkoy\/ Kyrenia<\/td><td width=\"317\">All Construction and furniture works<\/td><\/tr><tr><td>20<\/td><td width=\"418\">Creditwest Akdo\u011fan Office<\/td><td width=\"197\">Keystone Construction<\/td><td width=\"186\">Akdogan\/ Famagusta<\/td><td width=\"317\">All Construction and furniture works<\/td><\/tr><tr><td>21<\/td><td width=\"418\">Filiz Emiro\u011fullar\u0131 villa 340 m2<\/td><td width=\"197\">Keystone Construction<\/td><td width=\"186\">Kermiya \/ Nicosia<\/td><td width=\"317\">All Construction\u00a0 works<\/td><\/tr><tr><td>22<\/td><td width=\"418\">Ali H\u00fcrdo\u011fano\u011flu konut<\/td><td width=\"197\">Keystone Construction<\/td><td width=\"186\">Kuzucuk .Y \u0130skele<\/td><td width=\"317\">All Construction<\/td><\/tr><tr><td>23<\/td><td width=\"418\">Filiz Emiro\u011fullar\u0131\u00a0 Guest House<\/td><td width=\"197\">Keystone Construction<\/td><td width=\"186\">Famagusta<\/td><td width=\"317\">All Construction Currently Ongoing<\/td><\/tr><tr><td>24<\/td><td width=\"418\">\u00d6\u011fretmenler Evi (Teachers House)<\/td><td width=\"197\">Keystone Construction<\/td><td width=\"186\">Girne<\/td><td width=\"317\">All Renovation works<\/td><\/tr><tr><td>25<\/td><td width=\"418\">Famagusta District Governorate<\/td><td width=\"197\">Keystone Construction<\/td><td width=\"186\">Famagusta<\/td><td width=\"317\">All Renovation works<\/td><\/tr><tr><td>26<\/td><td width=\"418\">Nicosia Former Police Headquarters<\/td><td width=\"197\">Keystone Construction<\/td><td width=\"186\">Nicosia<\/td><td width=\"317\">All Renovation works<\/td><\/tr><tr><td>27<\/td><td width=\"418\">Mora \u0130lkOkulu<\/td><td width=\"197\">Keystone Construction<\/td><td width=\"186\">Mora \/ Nicosia<\/td><td width=\"317\">All Renovation works<\/td><\/tr><tr><td>28<\/td><td width=\"418\">\u015eht.H\u00fcseyin Akil Primary School storage kitchen and toilets<\/td><td width=\"197\">Keystone Construction<\/td><td width=\"186\">Famagusta<\/td><td width=\"317\">All Construction and furniture works<\/td><\/tr><tr><td>29<\/td><td width=\"418\">Sht. Turgut secondary school<\/td><td width=\"197\">Keystone Construction<\/td><td width=\"186\">G\u00fczelyurt<\/td><td width=\"317\">Laboratory structure and mechanical solution project<\/td><\/tr><tr><td>30<\/td><td width=\"418\">Kurtulus High School<\/td><td width=\"197\">Keystone Construction<\/td><td width=\"186\">G\u00fczelyurt<\/td><td width=\"317\">Laboratory structure and mechanical solution project<\/td><\/tr><tr><td>31<\/td><td width=\"418\">Lusignan house<\/td><td width=\"197\">Keystone Construction<\/td><td width=\"186\">Nicosia<\/td><td width=\"317\">All Renovation works<\/td><\/tr><tr><td>32<\/td><td width=\"418\">Dervi\u015f Pasha Ethnography Museum<\/td><td width=\"197\">Keystone Construction<\/td><td width=\"186\">Nicosia<\/td><td width=\"317\">Partial Renovation works<\/td><\/tr><tr><td>33<\/td><td width=\"418\">Khetrea Ottoman Mansion<\/td><td width=\"197\">Keystone Construction<\/td><td width=\"186\">Khetrea -Nicosia<\/td><td width=\"317\">Partial Renovation works<\/td><\/tr><tr><td>34<\/td><td width=\"418\">Ersoy G\u00fc\u00e7er Collective twin villas<\/td><td width=\"197\">Keystone Construction<\/td><td width=\"186\">Esentepe Kyrenia<\/td><td width=\"317\">All Construction\u00a0 works<\/td><\/tr><tr><td>35<\/td><td width=\"418\">Mehmet \u00dclk\u00fc Villa<\/td><td width=\"197\">Keystone Construction<\/td><td width=\"186\">Yeni \u0130sklele<\/td><td width=\"317\">All Renovation works<\/td><\/tr><tr><td>36<\/td><td width=\"418\">Enver Soycan apartment<\/td><td width=\"197\">Keystone Construction<\/td><td width=\"186\">Nicosia<\/td><td width=\"317\">All Renovation works<\/td><\/tr><tr><td>37<\/td><td width=\"418\">Timur U\u011furlubirel Apartment<\/td><td width=\"197\">Keystone Construction<\/td><td width=\"186\">G\u00f6nyeli &#8211; Nicosia<\/td><td width=\"317\">All Construction<\/td><\/tr><tr><td>38<\/td><td width=\"418\">Dr Serkan Altu\u011fra villa with pool<\/td><td width=\"197\">Keystone Construction<\/td><td width=\"186\">Ayyorgi -Kyrenia<\/td><td width=\"317\">All Construction<\/td><\/tr><tr><td>39<\/td><td width=\"418\">Fato\u015f Ek\u015fici villa with poool<\/td><td width=\"197\">Keystone Construction<\/td><td width=\"186\">Y bogazi\u00e7i<\/td><td width=\"317\">All Construction Currently Ongoing<\/td><\/tr><tr><td>40<\/td><td width=\"418\">F\u0131rat Turan Market -Restorant depo 2500 m2<\/td><td width=\"197\">Keystone Construction<\/td><td width=\"186\">\u00c7aml\u0131bel -Kyrenia<\/td><td width=\"317\">All Construction Currently Ongoing<\/td><\/tr><tr><td>41<\/td><td width=\"418\">Evergreen LTD. &#8211; Blueberry 52 Villas Project<\/td><td width=\"197\">Keystone Construction<\/td><td width=\"186\">Esentepe Kyrenia<\/td><td width=\"317\">All Construction<\/td><\/tr><\/tbody><\/table>\t\t\t\t\t\t<\/div>\n\t\t\t\t<\/div>\n\t\t\t\t\t<\/div>\n\t\t<\/div>\n\t\t\t\t\t<\/div>\n\t\t<\/section>\n\t\t\t\t<section class=\"elementor-section elementor-top-section elementor-element elementor-element-5b3d8c74 elementor-section-stretched elementor-section-boxed elementor-section-height-default elementor-section-height-default\" data-id=\"5b3d8c74\" data-element_type=\"section\" data-settings=\"{&quot;stretch_section&quot;:&quot;section-stretched&quot;}\">\n\t\t\t\t\t\t<div class=\"elementor-container elementor-column-gap-no\">\n\t\t\t\t\t<div class=\"elementor-column elementor-col-100 elementor-top-column elementor-element elementor-element-779d951f\" data-id=\"779d951f\" data-element_type=\"column\">\n\t\t\t<div class=\"elementor-widget-wrap elementor-element-populated\">\n\t\t\t\t\t\t<section class=\"elementor-section elementor-inner-section elementor-element elementor-element-496c0391 elementor-section-height-min-height elementor-section-content-middle elementor-section-boxed elementor-section-height-default\" data-id=\"496c0391\" data-element_type=\"section\" data-settings=\"{&quot;background_background&quot;:&quot;classic&quot;}\">\n\t\t\t\t\t\t<div class=\"elementor-container elementor-column-gap-extended\">\n\t\t\t\t\t<div class=\"elementor-column elementor-col-50 elementor-inner-column elementor-element elementor-element-7896db10\" data-id=\"7896db10\" data-element_type=\"column\">\n\t\t\t<div class=\"elementor-widget-wrap elementor-element-populated\">\n\t\t\t\t\t\t<div class=\"elementor-element elementor-element-47e65bfc elementor-widget elementor-widget-energium_heading\" data-id=\"47e65bfc\" data-element_type=\"widget\" data-widget_type=\"energium_heading.default\">\n\t\t\t\t<div class=\"elementor-widget-container\">\n\t\t\t<div class=\"energium-heading-widget\"><h2 class=\"energium-heading\"><span class=\"energium-heading-content\"><span>Let your projects come true with us...<\/span><\/span><\/h2><\/div>\t\t<\/div>\n\t\t\t\t<\/div>\n\t\t\t\t\t<\/div>\n\t\t<\/div>\n\t\t\t\t<div class=\"elementor-column elementor-col-50 elementor-inner-column elementor-element elementor-element-4d60696c\" data-id=\"4d60696c\" data-element_type=\"column\">\n\t\t\t<div class=\"elementor-widget-wrap elementor-element-populated\">\n\t\t\t\t\t\t<div class=\"elementor-element elementor-element-6e6f2451 elementor-view-stacked pulse-animation-yes elementor-shape-circle elementor-widget elementor-widget-icon\" data-id=\"6e6f2451\" data-element_type=\"widget\" data-widget_type=\"icon.default\">\n\t\t\t\t<div class=\"elementor-widget-container\">\n\t\t\t\t\t<div class=\"elementor-icon-wrapper\">\n\t\t\t<a class=\"elementor-icon\" href=\"tel:+903924448585\">\n\t\t\t<i aria-hidden=\"true\" class=\"fontello icon-calling\"><\/i>\t\t\t<\/a>\n\t\t<\/div>\n\t\t\t\t<\/div>\n\t\t\t\t<\/div>\n\t\t\t\t<div class=\"elementor-element elementor-element-2bf996a2 elementor-widget elementor-widget-energium_heading\" data-id=\"2bf996a2\" data-element_type=\"widget\" data-widget_type=\"energium_heading.default\">\n\t\t\t\t<div class=\"elementor-widget-container\">\n\t\t\t<div class=\"energium-heading-widget\"><h2 class=\"energium-heading\"><span class=\"energium-heading-content\"><span>+90 392 444 85 85<\/span><\/span><\/h2><\/div>\t\t<\/div>\n\t\t\t\t<\/div>\n\t\t\t\t\t<\/div>\n\t\t<\/div>\n\t\t\t\t\t<\/div>\n\t\t<\/section>\n\t\t\t\t\t<\/div>\n\t\t<\/div>\n\t\t\t\t\t<\/div>\n\t\t<\/section>\n\t\t\t\t<\/div>\n\t\t","protected":false},"excerpt":{"rendered":"<p>KEYSTONE Construction Ltd., established in 2004 and providing services in the construction sector until 2012, became a part of the ERTEK GROUP. Following this integration, we strengthened our administrative and technical staff as well as our vehicle fleet. With the reorganization,&#8230;<\/p>\n","protected":false},"author":1,"featured_media":0,"parent":0,"menu_order":0,"comment_status":"closed","ping_status":"closed","template":"elementor_header_footer","meta":{"footnotes":""},"class_list":["post-8429","page","type-page","status-publish","hentry"],"_links":{"self":[{"href":"https:\/\/er-tek.com\/en\/wp-json\/wp\/v2\/pages\/8429","targetHints":{"allow":["GET"]}}],"collection":[{"href":"https:\/\/er-tek.com\/en\/wp-json\/wp\/v2\/pages"}],"about":[{"href":"https:\/\/er-tek.com\/en\/wp-json\/wp\/v2\/types\/page"}],"author":[{"embeddable":true,"href":"https:\/\/er-tek.com\/en\/wp-json\/wp\/v2\/users\/1"}],"replies":[{"embeddable":true,"href":"https:\/\/er-tek.com\/en\/wp-json\/wp\/v2\/comments?post=8429"}],"version-history":[{"count":0,"href":"https:\/\/er-tek.com\/en\/wp-json\/wp\/v2\/pages\/8429\/revisions"}],"wp:attachment":[{"href":"https:\/\/er-tek.com\/en\/wp-json\/wp\/v2\/media?parent=8429"}],"curies":[{"name":"wp","href":"https:\/\/api.w.org\/{rel}","templated":true}]}}